{"id":662,"date":"2023-09-19T06:17:41","date_gmt":"2023-09-19T06:17:41","guid":{"rendered":"https:\/\/demo.dijivo.net\/ozkanisg\/?post_type=product&#038;p=662"},"modified":"2025-01-27T06:27:07","modified_gmt":"2025-01-27T06:27:07","slug":"nx3-grey","status":"publish","type":"product","link":"https:\/\/ozkanfootwear.com\/en\/urunler\/nx3-grey\/","title":{"rendered":"NX3 GREY"},"content":{"rendered":"<table class=\"table table-features\">\n<tbody>\n<tr>\n<td><strong>Saya \/ Upper:<\/strong><\/td>\n<td>Gri S\u00fcet Deri \/ Grey Suede Leather<\/td>\n<\/tr>\n<tr>\n<td><strong>Astar \/ Lining:<\/strong><\/td>\n<td>3D Nefes Alan Tekstil \/ 3D Breathable Textile<\/td>\n<\/tr>\n<tr>\n<td><strong>Burun Koruma \/ Toe Protection:<\/strong><\/td>\n<td>200 Joule\u2019luk bas\u0131nca dayan\u0131kl\u0131 \u00c7elik Burun \/ Fiberglass Toe-cap<\/td>\n<\/tr>\n<tr>\n<td><strong>Taban Koruma \/ Penetration Protection:<\/strong><\/td>\n<td>Batmaya dayan\u0131kl\u0131 \u00c7elik Ara Taban \/ KEVLAR Midsole<\/td>\n<\/tr>\n<tr>\n<td><strong>Taban \/ Sole:<\/strong><\/td>\n<td>\u00c7ift Yo\u011funluklu PU\/TPU \/ Double Density PU\/TPU<\/td>\n<\/tr>\n<tr>\n<td><strong>Beden \/ Sizes:<\/strong><\/td>\n<td>37 \u2013 47<\/td>\n<\/tr>\n<\/tbody>\n<\/table>\n<p><img decoding=\"async\" class=\"alignnone size-medium wp-image-2737\" src=\"http:\/\/ozkanfootwear.com\/wp-content\/uploads\/2023\/09\/ikon-1-11-300x214.png\" alt=\"\" width=\"120\" height=\"120\" srcset=\"https:\/\/ozkanfootwear.com\/wp-content\/uploads\/2023\/09\/ikon-1-11-150x150.png 150w, https:\/\/ozkanfootwear.com\/wp-content\/uploads\/2023\/09\/ikon-1-11-300x300.png 300w, https:\/\/ozkanfootwear.com\/wp-content\/uploads\/2023\/09\/ikon-1-11-100x100.png 100w\" sizes=\"(max-width: 120px) 100vw, 120px\" \/> <img decoding=\"async\" class=\"alignnone size-medium wp-image-2743\" src=\"http:\/\/ozkanfootwear.com\/wp-content\/uploads\/2023\/09\/ikon-12-9-300x213.png\" alt=\"\" width=\"120\" height=\"120\" srcset=\"https:\/\/ozkanfootwear.com\/wp-content\/uploads\/2023\/09\/ikon-12-9-150x150.png 150w, https:\/\/ozkanfootwear.com\/wp-content\/uploads\/2023\/09\/ikon-12-9-300x300.png 300w, https:\/\/ozkanfootwear.com\/wp-content\/uploads\/2023\/09\/ikon-12-9-100x100.png 100w\" sizes=\"(max-width: 120px) 100vw, 120px\" \/> <img decoding=\"async\" class=\"alignnone size-medium wp-image-2742\" src=\"http:\/\/ozkanfootwear.com\/wp-content\/uploads\/2023\/09\/ikon-10-9-300x214.png\" alt=\"\" width=\"120\" height=\"120\" srcset=\"https:\/\/ozkanfootwear.com\/wp-content\/uploads\/2023\/09\/ikon-10-9-150x150.png 150w, https:\/\/ozkanfootwear.com\/wp-content\/uploads\/2023\/09\/ikon-10-9-300x300.png 300w, https:\/\/ozkanfootwear.com\/wp-content\/uploads\/2023\/09\/ikon-10-9-100x100.png 100w\" sizes=\"(max-width: 120px) 100vw, 120px\" \/> <img loading=\"lazy\" decoding=\"async\" class=\"alignnone size-medium wp-image-2740\" src=\"http:\/\/ozkanfootwear.com\/wp-content\/uploads\/2023\/09\/ikon-7-9-300x213.png\" alt=\"\" width=\"120\" height=\"120\" srcset=\"https:\/\/ozkanfootwear.com\/wp-content\/uploads\/2023\/09\/ikon-7-9-150x150.png 150w, https:\/\/ozkanfootwear.com\/wp-content\/uploads\/2023\/09\/ikon-7-9-300x300.png 300w, https:\/\/ozkanfootwear.com\/wp-content\/uploads\/2023\/09\/ikon-7-9-100x100.png 100w\" sizes=\"(max-width: 120px) 100vw, 120px\" \/> <img loading=\"lazy\" decoding=\"async\" class=\"alignnone size-medium wp-image-2738\" src=\"http:\/\/ozkanfootwear.com\/wp-content\/uploads\/2023\/09\/ikon-5-9-300x213.png\" alt=\"\" width=\"120\" height=\"120\" srcset=\"https:\/\/ozkanfootwear.com\/wp-content\/uploads\/2023\/09\/ikon-5-9-150x150.png 150w, https:\/\/ozkanfootwear.com\/wp-content\/uploads\/2023\/09\/ikon-5-9-300x300.png 300w, https:\/\/ozkanfootwear.com\/wp-content\/uploads\/2023\/09\/ikon-5-9-100x100.png 100w\" sizes=\"(max-width: 120px) 100vw, 120px\" \/><\/p>\n<p>&nbsp;<\/p>","protected":false},"excerpt":{"rendered":"<p>Saya \/ Upper: Gri S\u00fcet Deri \/ Grey Suede Leather Astar \/ Lining: 3D Nefes Alan Tekstil \/ 3D Breathable Textile Burun Koruma \/ Toe Protection: 200 Joule\u2019luk bas\u0131nca dayan\u0131kl\u0131 \u00c7elik Burun \/ Fiberglass Toe-cap Taban Koruma \/ Penetration Protection: Batmaya dayan\u0131kl\u0131 \u00c7elik Ara Taban \/ KEVLAR Midsole Taban \/ Sole: \u00c7ift Yo\u011funluklu PU\/TPU \/ [&hellip;]<\/p>","protected":false},"featured_media":1428,"comment_status":"open","ping_status":"closed","template":"","meta":[],"product_cat":[15,35],"product_tag":[],"_links":{"self":[{"href":"https:\/\/ozkanfootwear.com\/en\/wp-json\/wp\/v2\/product\/662"}],"collection":[{"href":"https:\/\/ozkanfootwear.com\/en\/wp-json\/wp\/v2\/product"}],"about":[{"href":"https:\/\/ozkanfootwear.com\/en\/wp-json\/wp\/v2\/types\/product"}],"replies":[{"embeddable":true,"href":"https:\/\/ozkanfootwear.com\/en\/wp-json\/wp\/v2\/comments?post=662"}],"version-history":[{"count":3,"href":"https:\/\/ozkanfootwear.com\/en\/wp-json\/wp\/v2\/product\/662\/revisions"}],"predecessor-version":[{"id":2933,"href":"https:\/\/ozkanfootwear.com\/en\/wp-json\/wp\/v2\/product\/662\/revisions\/2933"}],"wp:featuredmedia":[{"embeddable":true,"href":"https:\/\/ozkanfootwear.com\/en\/wp-json\/wp\/v2\/media\/1428"}],"wp:attachment":[{"href":"https:\/\/ozkanfootwear.com\/en\/wp-json\/wp\/v2\/media?parent=662"}],"wp:term":[{"taxonomy":"product_cat","embeddable":true,"href":"https:\/\/ozkanfootwear.com\/en\/wp-json\/wp\/v2\/product_cat?post=662"},{"taxonomy":"product_tag","embeddable":true,"href":"https:\/\/ozkanfootwear.com\/en\/wp-json\/wp\/v2\/product_tag?post=662"}],"curies":[{"name":"wp","href":"https:\/\/api.w.org\/{rel}","templated":true}]}}