{"id":657,"date":"2023-09-19T06:16:41","date_gmt":"2023-09-19T06:16:41","guid":{"rendered":"https:\/\/demo.dijivo.net\/ozkanisg\/?post_type=product&#038;p=657"},"modified":"2025-01-27T06:27:13","modified_gmt":"2025-01-27T06:27:13","slug":"bx1-low","status":"publish","type":"product","link":"https:\/\/ozkanfootwear.com\/en\/urunler\/bx1-low\/","title":{"rendered":"BX1 LOW"},"content":{"rendered":"<p>&nbsp;<\/p>\n<table class=\"table table-features\">\n<tbody>\n<tr>\n<td><strong>Saya \/ Upper:<\/strong><\/td>\n<td>Vidala Deri \/ Full-Grain Leather<\/td>\n<\/tr>\n<tr>\n<td><strong>Astar \/ Lining:<\/strong><\/td>\n<td>3D Nefes Alan Tekstil \/ 3D Breathable Textile<\/td>\n<\/tr>\n<tr>\n<td><strong>Burun Koruma \/ Toe Protection:<\/strong><\/td>\n<td>200 Joule&#8217;luk bas\u0131nca dayan\u0131kl\u0131 \u00c7elik Burun \/ Fiberglass Toe-cap<\/td>\n<\/tr>\n<tr>\n<td><strong>Taban Koruma \/ Penetration Protection:<\/strong><\/td>\n<td>Batmaya dayan\u0131kl\u0131 \u00c7elik Ara Taban \/ KEVLAR Midsole<\/td>\n<\/tr>\n<tr>\n<td><strong>Taban \/ Sole:<\/strong><\/td>\n<td>\u00c7ift Yo\u011funluklu PU\/TPU \/ Double Density PU\/TPU<\/td>\n<\/tr>\n<tr>\n<td><strong>Beden \/ Sizes:<\/strong><\/td>\n<td>37 &#8211; 47<\/td>\n<\/tr>\n<\/tbody>\n<\/table>\n<p>&nbsp;<\/p>\n<p><img decoding=\"async\" class=\"alignnone size-medium wp-image-2736\" src=\"http:\/\/ozkanfootwear.com\/wp-content\/uploads\/2023\/09\/ikon-16-3-300x213.png\" alt=\"\" width=\"120\" height=\"120\" srcset=\"https:\/\/ozkanfootwear.com\/wp-content\/uploads\/2023\/09\/ikon-16-3-150x150.png 150w, https:\/\/ozkanfootwear.com\/wp-content\/uploads\/2023\/09\/ikon-16-3-300x300.png 300w, https:\/\/ozkanfootwear.com\/wp-content\/uploads\/2023\/09\/ikon-16-3-100x100.png 100w\" sizes=\"(max-width: 120px) 100vw, 120px\" \/><br \/>\n<img decoding=\"async\" class=\"alignnone size-medium wp-image-2737\" src=\"http:\/\/ozkanfootwear.com\/wp-content\/uploads\/2023\/09\/ikon-1-11-300x214.png\" alt=\"\" width=\"120\" height=\"120\" srcset=\"https:\/\/ozkanfootwear.com\/wp-content\/uploads\/2023\/09\/ikon-1-11-150x150.png 150w, https:\/\/ozkanfootwear.com\/wp-content\/uploads\/2023\/09\/ikon-1-11-300x300.png 300w, https:\/\/ozkanfootwear.com\/wp-content\/uploads\/2023\/09\/ikon-1-11-100x100.png 100w\" sizes=\"(max-width: 120px) 100vw, 120px\" \/><br \/>\n<img decoding=\"async\" class=\"alignnone size-medium wp-image-2738\" src=\"http:\/\/ozkanfootwear.com\/wp-content\/uploads\/2023\/09\/ikon-5-9-300x213.png\" alt=\"\" width=\"120\" height=\"120\" srcset=\"https:\/\/ozkanfootwear.com\/wp-content\/uploads\/2023\/09\/ikon-5-9-150x150.png 150w, https:\/\/ozkanfootwear.com\/wp-content\/uploads\/2023\/09\/ikon-5-9-300x300.png 300w, https:\/\/ozkanfootwear.com\/wp-content\/uploads\/2023\/09\/ikon-5-9-100x100.png 100w\" sizes=\"(max-width: 120px) 100vw, 120px\" \/><br \/>\n<img loading=\"lazy\" decoding=\"async\" class=\"alignnone size-medium wp-image-2739\" src=\"http:\/\/ozkanfootwear.com\/wp-content\/uploads\/2023\/09\/ikon-6-3-300x213.png\" alt=\"\" width=\"120\" height=\"120\" srcset=\"https:\/\/ozkanfootwear.com\/wp-content\/uploads\/2023\/09\/ikon-6-3-150x150.png 150w, https:\/\/ozkanfootwear.com\/wp-content\/uploads\/2023\/09\/ikon-6-3-300x300.png 300w, https:\/\/ozkanfootwear.com\/wp-content\/uploads\/2023\/09\/ikon-6-3-100x100.png 100w\" sizes=\"(max-width: 120px) 100vw, 120px\" \/><br \/>\n<img loading=\"lazy\" decoding=\"async\" class=\"alignnone size-medium wp-image-2740\" src=\"http:\/\/ozkanfootwear.com\/wp-content\/uploads\/2023\/09\/ikon-7-9-300x213.png\" alt=\"\" width=\"120\" height=\"120\" srcset=\"https:\/\/ozkanfootwear.com\/wp-content\/uploads\/2023\/09\/ikon-7-9-150x150.png 150w, https:\/\/ozkanfootwear.com\/wp-content\/uploads\/2023\/09\/ikon-7-9-300x300.png 300w, https:\/\/ozkanfootwear.com\/wp-content\/uploads\/2023\/09\/ikon-7-9-100x100.png 100w\" sizes=\"(max-width: 120px) 100vw, 120px\" \/><br \/>\n<img loading=\"lazy\" decoding=\"async\" class=\"alignnone size-medium wp-image-2741\" src=\"http:\/\/ozkanfootwear.com\/wp-content\/uploads\/2023\/09\/ikon-8-10-300x213.png\" alt=\"\" width=\"120\" height=\"120\" srcset=\"https:\/\/ozkanfootwear.com\/wp-content\/uploads\/2023\/09\/ikon-8-10-150x150.png 150w, https:\/\/ozkanfootwear.com\/wp-content\/uploads\/2023\/09\/ikon-8-10-300x300.png 300w, https:\/\/ozkanfootwear.com\/wp-content\/uploads\/2023\/09\/ikon-8-10-100x100.png 100w\" sizes=\"(max-width: 120px) 100vw, 120px\" \/><br \/>\n<img loading=\"lazy\" decoding=\"async\" class=\"alignnone size-medium wp-image-2742\" src=\"http:\/\/ozkanfootwear.com\/wp-content\/uploads\/2023\/09\/ikon-10-9-300x214.png\" alt=\"\" width=\"120\" height=\"120\" srcset=\"https:\/\/ozkanfootwear.com\/wp-content\/uploads\/2023\/09\/ikon-10-9-150x150.png 150w, https:\/\/ozkanfootwear.com\/wp-content\/uploads\/2023\/09\/ikon-10-9-300x300.png 300w, https:\/\/ozkanfootwear.com\/wp-content\/uploads\/2023\/09\/ikon-10-9-100x100.png 100w\" sizes=\"(max-width: 120px) 100vw, 120px\" \/><br \/>\n<img loading=\"lazy\" decoding=\"async\" class=\"alignnone size-medium wp-image-2743\" src=\"http:\/\/ozkanfootwear.com\/wp-content\/uploads\/2023\/09\/ikon-12-9-300x213.png\" alt=\"\" width=\"120\" height=\"120\" srcset=\"https:\/\/ozkanfootwear.com\/wp-content\/uploads\/2023\/09\/ikon-12-9-150x150.png 150w, https:\/\/ozkanfootwear.com\/wp-content\/uploads\/2023\/09\/ikon-12-9-300x300.png 300w, https:\/\/ozkanfootwear.com\/wp-content\/uploads\/2023\/09\/ikon-12-9-100x100.png 100w\" sizes=\"(max-width: 120px) 100vw, 120px\" \/><\/p>","protected":false},"excerpt":{"rendered":"<p>\u0130\u015f ayakkab\u0131lar\u0131, \u00e7al\u0131\u015fanlar\u0131n i\u015fyerlerindeki g\u00fcvenlik ihtiya\u00e7lar\u0131n\u0131 kar\u015f\u0131lamak ve rahat bir \u00e7al\u0131\u015fma deneyimi sunmak amac\u0131yla \u00f6zel olarak tasarlanm\u0131\u015f ayakkab\u0131 t\u00fcrleridir. \u0130\u015f ayakkab\u0131lar\u0131, farkl\u0131 end\u00fcstriler ve i\u015f ortamlar\u0131 i\u00e7in \u00e7e\u015fitli \u00f6zelliklerle donat\u0131lm\u0131\u015f olabilir.<\/p>","protected":false},"featured_media":1422,"comment_status":"open","ping_status":"closed","template":"","meta":[],"product_cat":[15,35],"product_tag":[],"_links":{"self":[{"href":"https:\/\/ozkanfootwear.com\/en\/wp-json\/wp\/v2\/product\/657"}],"collection":[{"href":"https:\/\/ozkanfootwear.com\/en\/wp-json\/wp\/v2\/product"}],"about":[{"href":"https:\/\/ozkanfootwear.com\/en\/wp-json\/wp\/v2\/types\/product"}],"replies":[{"embeddable":true,"href":"https:\/\/ozkanfootwear.com\/en\/wp-json\/wp\/v2\/comments?post=657"}],"version-history":[{"count":7,"href":"https:\/\/ozkanfootwear.com\/en\/wp-json\/wp\/v2\/product\/657\/revisions"}],"predecessor-version":[{"id":2901,"href":"https:\/\/ozkanfootwear.com\/en\/wp-json\/wp\/v2\/product\/657\/revisions\/2901"}],"wp:featuredmedia":[{"embeddable":true,"href":"https:\/\/ozkanfootwear.com\/en\/wp-json\/wp\/v2\/media\/1422"}],"wp:attachment":[{"href":"https:\/\/ozkanfootwear.com\/en\/wp-json\/wp\/v2\/media?parent=657"}],"wp:term":[{"taxonomy":"product_cat","embeddable":true,"href":"https:\/\/ozkanfootwear.com\/en\/wp-json\/wp\/v2\/product_cat?post=657"},{"taxonomy":"product_tag","embeddable":true,"href":"https:\/\/ozkanfootwear.com\/en\/wp-json\/wp\/v2\/product_tag?post=657"}],"curies":[{"name":"wp","href":"https:\/\/api.w.org\/{rel}","templated":true}]}}